{"id":2464,"date":"2025-08-11T10:59:42","date_gmt":"2025-08-11T10:59:42","guid":{"rendered":"https:\/\/gajd.al\/?page_id=2464"},"modified":"2026-02-15T01:12:00","modified_gmt":"2026-02-15T01:12:00","slug":"marketplace","status":"publish","type":"page","link":"https:\/\/gajd.al\/sq\/marketplace\/","title":{"rendered":"marketplace"},"content":{"rendered":"<div data-elementor-type=\"wp-page\" data-elementor-id=\"2464\" class=\"elementor elementor-2464\" data-elementor-post-type=\"page\">\n\t\t\t\t<div class=\"elementor-element elementor-element-f15a39d e-con-full e-flex e-con e-parent\" data-id=\"f15a39d\" data-element_type=\"container\" data-e-type=\"container\" data-settings=\"{&quot;background_background&quot;:&quot;classic&quot;}\">\n\t\t<div class=\"elementor-element elementor-element-e57e999 e-con-full e-flex e-con e-child\" data-id=\"e57e999\" data-element_type=\"container\" data-e-type=\"container\">\n\t\t\t\t<div class=\"elementor-element elementor-element-50cc908 elementor-widget elementor-widget-heading\" data-id=\"50cc908\" data-element_type=\"widget\" data-e-type=\"widget\" data-widget_type=\"heading.default\">\n\t\t\t\t<div class=\"elementor-widget-container\">\n\t\t\t\t\t<h2 class=\"elementor-heading-title elementor-size-default\">Shit, Jepe me Qira ose Ndaj Makin\u00ebn t\u00ebnde me GAJD<\/h2>\t\t\t\t<\/div>\n\t\t\t\t<\/div>\n\t\t\t\t<div class=\"elementor-element elementor-element-e73b80a elementor-widget elementor-widget-text-editor\" data-id=\"e73b80a\" data-element_type=\"widget\" data-e-type=\"widget\" data-widget_type=\"text-editor.default\">\n\t\t\t\t<div class=\"elementor-widget-container\">\n\t\t\t\t\t\t\t\t\t<p data-start=\"193\" data-end=\"350\">Listoni makin\u00ebn, pjes\u00ebt ose ofertat tuaja me qira me vet\u00ebm disa klikime dhe lidheni drejtp\u00ebrdrejt me bler\u00ebsit dhe qiramarr\u00ebsit p\u00ebrmes tregut ton\u00eb t\u00eb besuar.<\/p>\t\t\t\t\t\t\t\t<\/div>\n\t\t\t\t<\/div>\n\t\t\t\t<\/div>\n\t\t\t\t<\/div>\n\t\t<div class=\"elementor-element elementor-element-d9d953c e-con-full e-flex e-con e-parent\" data-id=\"d9d953c\" data-element_type=\"container\" data-e-type=\"container\">\n\t\t<div class=\"elementor-element elementor-element-43eda83 e-flex e-con-boxed e-con e-child\" data-id=\"43eda83\" data-element_type=\"container\" data-e-type=\"container\">\n\t\t\t\t\t<div class=\"e-con-inner\">\n\t\t<div class=\"elementor-element elementor-element-5400f1b e-con-full e-flex elementor-invisible e-con e-child\" data-id=\"5400f1b\" data-element_type=\"container\" data-e-type=\"container\" data-settings=\"{&quot;animation&quot;:&quot;fadeInUp&quot;}\">\n\t\t\t\t<div class=\"elementor-element elementor-element-0624d82 elementor-widget elementor-widget-heading\" data-id=\"0624d82\" data-element_type=\"widget\" data-e-type=\"widget\" data-widget_type=\"heading.default\">\n\t\t\t\t<div class=\"elementor-widget-container\">\n\t\t\t\t\t<h2 class=\"elementor-heading-title elementor-size-default\">Paraqisni Listimin ose K\u00ebrkes\u00ebn Tuaj<\/h2>\t\t\t\t<\/div>\n\t\t\t\t<\/div>\n\t\t\t\t<div class=\"elementor-element elementor-element-6807244 elementor-widget elementor-widget-text-editor\" data-id=\"6807244\" data-element_type=\"widget\" data-e-type=\"widget\" data-widget_type=\"text-editor.default\">\n\t\t\t\t<div class=\"elementor-widget-container\">\n\t\t\t\t\t\t\t\t\t<p data-start=\"231\" data-end=\"337\">Plot\u00ebsoni t\u00eb dh\u00ebnat tuaja q\u00eb t\u00eb mund t\u2019ju lidhim me bler\u00ebsit, shit\u00ebsit ose qiramarr\u00ebsit e duhur.<\/p>\t\t\t\t\t\t\t\t<\/div>\n\t\t\t\t<\/div>\n\t\t\t\t<\/div>\n\t\t<div class=\"elementor-element elementor-element-b8327a3 e-con-full animated-slow e-flex elementor-invisible e-con e-child\" data-id=\"b8327a3\" data-element_type=\"container\" data-e-type=\"container\" data-settings=\"{&quot;animation&quot;:&quot;fadeInUp&quot;}\">\n\t\t\t\t<div class=\"elementor-element elementor-element-34dd75b elementor-button-align-stretch elementor-widget elementor-widget-form\" data-id=\"34dd75b\" data-element_type=\"widget\" data-e-type=\"widget\" data-settings=\"{&quot;button_width&quot;:&quot;33&quot;,&quot;step_next_label&quot;:&quot;Next&quot;,&quot;step_previous_label&quot;:&quot;Previous&quot;,&quot;step_type&quot;:&quot;number_text&quot;,&quot;step_icon_shape&quot;:&quot;circle&quot;}\" data-widget_type=\"form.default\">\n\t\t\t\t<div class=\"elementor-widget-container\">\n\t\t\t\t\t\t\t<form class=\"elementor-form\" method=\"post\" name=\"New Form\" aria-label=\"New Form\" action=\"\">\n\t\t\t<input type=\"hidden\" name=\"post_id\" value=\"2464\"\/>\n\t\t\t<input type=\"hidden\" name=\"form_id\" value=\"34dd75b\"\/>\n\t\t\t<input type=\"hidden\" name=\"referer_title\" value=\"Gajd marketplace\" \/>\n\n\t\t\t\t\t\t\t<input type=\"hidden\" name=\"queried_id\" value=\"2464\"\/>\n\t\t\t\n\t\t\t<div class=\"elementor-form-fields-wrapper elementor-labels-\">\n\t\t\t\t\t\t\t\t<div class=\"elementor-field-type-text elementor-field-group elementor-column elementor-field-group-name elementor-col-50\">\n\t\t\t\t\t\t\t\t\t\t\t\t<label for=\"form-field-name\" class=\"elementor-field-label elementor-screen-only\">\n\t\t\t\t\t\t\t\tEmri\t\t\t\t\t\t\t<\/label>\n\t\t\t\t\t\t\t\t\t\t\t\t\t\t<input size=\"1\" type=\"text\" name=\"form_fields[name]\" id=\"form-field-name\" class=\"elementor-field elementor-size-sm  elementor-field-textual\" placeholder=\"Emri\">\n\t\t\t\t\t\t\t\t\t\t\t<\/div>\n\t\t\t\t\t\t\t\t<div class=\"elementor-field-type-text elementor-field-group elementor-column elementor-field-group-field_00d5c66 elementor-col-50\">\n\t\t\t\t\t\t\t\t\t\t\t\t<label for=\"form-field-field_00d5c66\" class=\"elementor-field-label elementor-screen-only\">\n\t\t\t\t\t\t\t\tMbiemri\t\t\t\t\t\t\t<\/label>\n\t\t\t\t\t\t\t\t\t\t\t\t\t\t<input size=\"1\" type=\"text\" name=\"form_fields[field_00d5c66]\" id=\"form-field-field_00d5c66\" class=\"elementor-field elementor-size-sm  elementor-field-textual\" placeholder=\"Mbiemri\">\n\t\t\t\t\t\t\t\t\t\t\t<\/div>\n\t\t\t\t\t\t\t\t<div class=\"elementor-field-type-tel elementor-field-group elementor-column elementor-field-group-email elementor-col-50 elementor-field-required\">\n\t\t\t\t\t\t\t\t\t\t\t\t<label for=\"form-field-email\" class=\"elementor-field-label elementor-screen-only\">\n\t\t\t\t\t\t\t\tNumri\t\t\t\t\t\t\t<\/label>\n\t\t\t\t\t\t\t\t<input size=\"1\" type=\"tel\" name=\"form_fields[email]\" id=\"form-field-email\" class=\"elementor-field elementor-size-sm  elementor-field-textual\" placeholder=\"Numri\" required=\"required\" pattern=\"[0-9()#&amp;+*-=.]+\" title=\"Numri\">\n\n\t\t\t\t\t\t<\/div>\n\t\t\t\t\t\t\t\t<div class=\"elementor-field-type-email elementor-field-group elementor-column elementor-field-group-field_cf5783a elementor-col-50\">\n\t\t\t\t\t\t\t\t\t\t\t\t<label for=\"form-field-field_cf5783a\" class=\"elementor-field-label elementor-screen-only\">\n\t\t\t\t\t\t\t\tEmail\t\t\t\t\t\t\t<\/label>\n\t\t\t\t\t\t\t\t\t\t\t\t\t\t<input size=\"1\" type=\"email\" name=\"form_fields[field_cf5783a]\" id=\"form-field-field_cf5783a\" class=\"elementor-field elementor-size-sm  elementor-field-textual\" placeholder=\"Email\">\n\t\t\t\t\t\t\t\t\t\t\t<\/div>\n\t\t\t\t\t\t\t\t<div class=\"elementor-field-type-textarea elementor-field-group elementor-column elementor-field-group-message elementor-col-100\">\n\t\t\t\t\t\t\t\t\t\t\t\t<label for=\"form-field-message\" class=\"elementor-field-label elementor-screen-only\">\n\t\t\t\t\t\t\t\tMesazhi\t\t\t\t\t\t\t<\/label>\n\t\t\t\t\t\t<textarea class=\"elementor-field-textual elementor-field  elementor-size-sm\" name=\"form_fields[message]\" id=\"form-field-message\" rows=\"4\" placeholder=\"Mesazhi\"><\/textarea>\t\t\t\t<\/div>\n\t\t\t\t\t\t\t\t<div class=\"elementor-field-type-checkbox elementor-field-group elementor-column elementor-field-group-field_15aa631 elementor-col-100\">\n\t\t\t\t\t<div class=\"elementor-field-subgroup\"><span class=\"elementor-field-option\"><input type=\"checkbox\" value=\"I want to sell a car\" id=\"form-field-field_15aa631-0\" name=\"form_fields[field_15aa631][]\"> <label for=\"form-field-field_15aa631-0\">Dua te shes makinen<\/label><\/span><span class=\"elementor-field-option\"><input type=\"checkbox\" value=\"I want to sell a car part\" id=\"form-field-field_15aa631-1\" name=\"form_fields[field_15aa631][]\"> <label for=\"form-field-field_15aa631-1\">Dua te shes nje pjes makine<\/label><\/span><span class=\"elementor-field-option\"><input type=\"checkbox\" value=\"I want to rent my car\" id=\"form-field-field_15aa631-2\" name=\"form_fields[field_15aa631][]\"> <label for=\"form-field-field_15aa631-2\">Dua te jap makinen me qera<\/label><\/span><\/div>\t\t\t\t<\/div>\n\t\t\t\t\t\t\t\t<div class=\"elementor-field-type-text\">\n\t\t\t\t\t<input size=\"1\" type=\"text\" name=\"form_fields[field_7ab498c]\" id=\"form-field-field_7ab498c\" class=\"elementor-field elementor-size-sm\" style=\"display:none !important;\">\t\t\t\t<\/div>\n\t\t\t\t\t\t\t\t<div class=\"elementor-field-group elementor-column elementor-field-type-submit elementor-col-33 e-form__buttons\">\n\t\t\t\t\t<button class=\"elementor-button elementor-size-sm\" type=\"submit\">\n\t\t\t\t\t\t<span class=\"elementor-button-content-wrapper\">\n\t\t\t\t\t\t\t\t\t\t\t\t\t\t\t\t\t\t\t\t\t\t<span class=\"elementor-button-text\">DERGO NJE MESAZH<\/span>\n\t\t\t\t\t\t\t\t\t\t\t\t\t<\/span>\n\t\t\t\t\t<\/button>\n\t\t\t\t<\/div>\n\t\t\t<\/div>\n\t\t<input type=\"hidden\" name=\"trp-form-language\" value=\"sq\"\/><\/form>\n\t\t\t\t\t\t<\/div>\n\t\t\t\t<\/div>\n\t\t\t\t<\/div>\n\t\t\t\t\t<\/div>\n\t\t\t\t<\/div>\n\t\t\t\t<\/div>\n\t\t<div class=\"elementor-element elementor-element-ef1734b e-con-full e-flex e-con e-parent\" data-id=\"ef1734b\" data-element_type=\"container\" data-e-type=\"container\">\n\t\t\t\t<div class=\"elementor-element elementor-element-3c9e610 e-grid-align-right elementor-fixed animated-slow elementor-shape-rounded elementor-grid-0 elementor-invisible elementor-widget elementor-widget-social-icons\" data-id=\"3c9e610\" data-element_type=\"widget\" data-e-type=\"widget\" data-settings=\"{&quot;_position&quot;:&quot;fixed&quot;,&quot;_animation&quot;:&quot;fadeIn&quot;}\" data-widget_type=\"social-icons.default\">\n\t\t\t\t<div class=\"elementor-widget-container\">\n\t\t\t\t\t\t\t<div class=\"elementor-social-icons-wrapper elementor-grid\">\n\t\t\t\t\t\t\t<span class=\"elementor-grid-item\">\n\t\t\t\t\t<a class=\"elementor-icon elementor-social-icon elementor-social-icon-whatsapp elementor-repeater-item-16bb92a\" href=\"https:\/\/wa.me\/355682040994\" target=\"_blank\">\n\t\t\t\t\t\t<span class=\"elementor-screen-only\">Whatsapp<\/span>\n\t\t\t\t\t\t<i aria-hidden=\"true\" class=\"fab fa-whatsapp\"><\/i>\t\t\t\t\t<\/a>\n\t\t\t\t<\/span>\n\t\t\t\t\t<\/div>\n\t\t\t\t\t\t<\/div>\n\t\t\t\t<\/div>\n\t\t\t\t<\/div>\n\t\t\t\t<\/div>","protected":false},"excerpt":{"rendered":"<p>Sell, Rent, or Share Your Car with GAJD List your car, parts, or rental offers in just a few clicks and connect with buyers and renters directly through our trusted marketplace. Submit Your Listing or Inquiry Fill in your details so we can connect you with the right buyers, sellers, or renters. Whatsapp<\/p>","protected":false},"author":1,"featured_media":0,"parent":0,"menu_order":0,"comment_status":"closed","ping_status":"closed","template":"elementor_header_footer","meta":{"_jf_save_progress":"","_jf_schedule_form":"","_jet_sm_ready_style":"","_jet_sm_style":"","_jet_sm_controls_values":"","_jet_sm_fonts_collection":"","_jet_sm_fonts_links":"","footnotes":""},"class_list":["post-2464","page","type-page","status-publish","hentry"],"yoast_head":"<!-- This site is optimized with the Yoast SEO plugin v27.4 - https:\/\/yoast.com\/product\/yoast-seo-wordpress\/ -->\n<title>Gajd marketplace<\/title>\n<meta name=\"description\" content=\"Buy and sell cars, auto parts, and accessories in Albania. Join our marketplace to list, discover, and trade everything related to vehicles.\" \/>\n<meta name=\"robots\" content=\"index, follow, max-snippet:-1, max-image-preview:large, max-video-preview:-1\" \/>\n<link rel=\"canonical\" href=\"https:\/\/gajd.al\/sq\/marketplace\/\" \/>\n<meta property=\"og:locale\" content=\"sq_AL\" \/>\n<meta property=\"og:type\" content=\"article\" \/>\n<meta property=\"og:title\" content=\"Gajd marketplace\" \/>\n<meta property=\"og:description\" content=\"Buy and sell cars, auto parts, and accessories in Albania. Join our marketplace to list, discover, and trade everything related to vehicles.\" \/>\n<meta property=\"og:url\" content=\"https:\/\/gajd.al\/sq\/marketplace\/\" \/>\n<meta property=\"og:site_name\" content=\"Gajd\" \/>\n<meta property=\"article:modified_time\" content=\"2026-02-15T01:12:00+00:00\" \/>\n<meta name=\"twitter:card\" content=\"summary_large_image\" \/>\n<meta name=\"twitter:label1\" content=\"Est. reading time\" \/>\n\t<meta name=\"twitter:data1\" content=\"1 minut\u00eb\" \/>\n<script type=\"application\/ld+json\" class=\"yoast-schema-graph\">{\"@context\":\"https:\\\/\\\/schema.org\",\"@graph\":[{\"@type\":\"WebPage\",\"@id\":\"https:\\\/\\\/gajd.al\\\/marketplace\\\/\",\"url\":\"https:\\\/\\\/gajd.al\\\/marketplace\\\/\",\"name\":\"Gajd marketplace\",\"isPartOf\":{\"@id\":\"https:\\\/\\\/gajd.al\\\/sq\\\/#website\"},\"datePublished\":\"2025-08-11T10:59:42+00:00\",\"dateModified\":\"2026-02-15T01:12:00+00:00\",\"description\":\"Buy and sell cars, auto parts, and accessories in Albania. Join our marketplace to list, discover, and trade everything related to vehicles.\",\"breadcrumb\":{\"@id\":\"https:\\\/\\\/gajd.al\\\/marketplace\\\/#breadcrumb\"},\"inLanguage\":\"sq\",\"potentialAction\":[{\"@type\":\"ReadAction\",\"target\":[\"https:\\\/\\\/gajd.al\\\/marketplace\\\/\"]}]},{\"@type\":\"BreadcrumbList\",\"@id\":\"https:\\\/\\\/gajd.al\\\/marketplace\\\/#breadcrumb\",\"itemListElement\":[{\"@type\":\"ListItem\",\"position\":1,\"name\":\"Home\",\"item\":\"https:\\\/\\\/gajd.al\\\/\"},{\"@type\":\"ListItem\",\"position\":2,\"name\":\"marketplace\"}]},{\"@type\":\"WebSite\",\"@id\":\"https:\\\/\\\/gajd.al\\\/sq\\\/#website\",\"url\":\"https:\\\/\\\/gajd.al\\\/sq\\\/\",\"name\":\"Gajd\",\"description\":\"\",\"publisher\":{\"@id\":\"https:\\\/\\\/gajd.al\\\/sq\\\/#organization\"},\"potentialAction\":[{\"@type\":\"SearchAction\",\"target\":{\"@type\":\"EntryPoint\",\"urlTemplate\":\"https:\\\/\\\/gajd.al\\\/sq\\\/?s={search_term_string}\"},\"query-input\":{\"@type\":\"PropertyValueSpecification\",\"valueRequired\":true,\"valueName\":\"search_term_string\"}}],\"inLanguage\":\"sq\"},{\"@type\":\"Organization\",\"@id\":\"https:\\\/\\\/gajd.al\\\/sq\\\/#organization\",\"name\":\"Gajd\",\"url\":\"https:\\\/\\\/gajd.al\\\/sq\\\/\",\"logo\":{\"@type\":\"ImageObject\",\"inLanguage\":\"sq\",\"@id\":\"https:\\\/\\\/gajd.al\\\/sq\\\/#\\\/schema\\\/logo\\\/image\\\/\",\"url\":\"https:\\\/\\\/gajd.al\\\/wp-content\\\/uploads\\\/2025\\\/05\\\/Logo-Gajd-1-scaled.png\",\"contentUrl\":\"https:\\\/\\\/gajd.al\\\/wp-content\\\/uploads\\\/2025\\\/05\\\/Logo-Gajd-1-scaled.png\",\"width\":2560,\"height\":1603,\"caption\":\"Gajd\"},\"image\":{\"@id\":\"https:\\\/\\\/gajd.al\\\/sq\\\/#\\\/schema\\\/logo\\\/image\\\/\"}}]}<\/script>\n<!-- \/ Yoast SEO plugin. -->","yoast_head_json":{"title":"Gajd marketplace","description":"Buy and sell cars, auto parts, and accessories in Albania. Join our marketplace to list, discover, and trade everything related to vehicles.","robots":{"index":"index","follow":"follow","max-snippet":"max-snippet:-1","max-image-preview":"max-image-preview:large","max-video-preview":"max-video-preview:-1"},"canonical":"https:\/\/gajd.al\/sq\/marketplace\/","og_locale":"sq_AL","og_type":"article","og_title":"Gajd marketplace","og_description":"Buy and sell cars, auto parts, and accessories in Albania. Join our marketplace to list, discover, and trade everything related to vehicles.","og_url":"https:\/\/gajd.al\/sq\/marketplace\/","og_site_name":"Gajd","article_modified_time":"2026-02-15T01:12:00+00:00","twitter_card":"summary_large_image","twitter_misc":{"Est. reading time":"1 minut\u00eb"},"schema":{"@context":"https:\/\/schema.org","@graph":[{"@type":"WebPage","@id":"https:\/\/gajd.al\/marketplace\/","url":"https:\/\/gajd.al\/marketplace\/","name":"Gajd marketplace","isPartOf":{"@id":"https:\/\/gajd.al\/sq\/#website"},"datePublished":"2025-08-11T10:59:42+00:00","dateModified":"2026-02-15T01:12:00+00:00","description":"Buy and sell cars, auto parts, and accessories in Albania. Join our marketplace to list, discover, and trade everything related to vehicles.","breadcrumb":{"@id":"https:\/\/gajd.al\/marketplace\/#breadcrumb"},"inLanguage":"sq","potentialAction":[{"@type":"ReadAction","target":["https:\/\/gajd.al\/marketplace\/"]}]},{"@type":"BreadcrumbList","@id":"https:\/\/gajd.al\/marketplace\/#breadcrumb","itemListElement":[{"@type":"ListItem","position":1,"name":"Home","item":"https:\/\/gajd.al\/"},{"@type":"ListItem","position":2,"name":"marketplace"}]},{"@type":"WebSite","@id":"https:\/\/gajd.al\/sq\/#website","url":"https:\/\/gajd.al\/sq\/","name":"Gajd","description":"","publisher":{"@id":"https:\/\/gajd.al\/sq\/#organization"},"potentialAction":[{"@type":"SearchAction","target":{"@type":"EntryPoint","urlTemplate":"https:\/\/gajd.al\/sq\/?s={search_term_string}"},"query-input":{"@type":"PropertyValueSpecification","valueRequired":true,"valueName":"search_term_string"}}],"inLanguage":"sq"},{"@type":"Organization","@id":"https:\/\/gajd.al\/sq\/#organization","name":"Gajd","url":"https:\/\/gajd.al\/sq\/","logo":{"@type":"ImageObject","inLanguage":"sq","@id":"https:\/\/gajd.al\/sq\/#\/schema\/logo\/image\/","url":"https:\/\/gajd.al\/wp-content\/uploads\/2025\/05\/Logo-Gajd-1-scaled.png","contentUrl":"https:\/\/gajd.al\/wp-content\/uploads\/2025\/05\/Logo-Gajd-1-scaled.png","width":2560,"height":1603,"caption":"Gajd"},"image":{"@id":"https:\/\/gajd.al\/sq\/#\/schema\/logo\/image\/"}}]}},"_links":{"self":[{"href":"https:\/\/gajd.al\/sq\/wp-json\/wp\/v2\/pages\/2464","targetHints":{"allow":["GET"]}}],"collection":[{"href":"https:\/\/gajd.al\/sq\/wp-json\/wp\/v2\/pages"}],"about":[{"href":"https:\/\/gajd.al\/sq\/wp-json\/wp\/v2\/types\/page"}],"author":[{"embeddable":true,"href":"https:\/\/gajd.al\/sq\/wp-json\/wp\/v2\/users\/1"}],"replies":[{"embeddable":true,"href":"https:\/\/gajd.al\/sq\/wp-json\/wp\/v2\/comments?post=2464"}],"version-history":[{"count":15,"href":"https:\/\/gajd.al\/sq\/wp-json\/wp\/v2\/pages\/2464\/revisions"}],"predecessor-version":[{"id":2523,"href":"https:\/\/gajd.al\/sq\/wp-json\/wp\/v2\/pages\/2464\/revisions\/2523"}],"wp:attachment":[{"href":"https:\/\/gajd.al\/sq\/wp-json\/wp\/v2\/media?parent=2464"}],"curies":[{"name":"wp","href":"https:\/\/api.w.org\/{rel}","templated":true}]}}